{"id":64,"date":"2023-08-08T10:38:15","date_gmt":"2023-08-08T13:38:15","guid":{"rendered":"https:\/\/lgdpbrasilnovo.mdmsites.com.br\/?page_id=64"},"modified":"2025-03-07T15:55:01","modified_gmt":"2025-03-07T18:55:01","slug":"lbca","status":"publish","type":"page","link":"https:\/\/lgdpbrasilnovo.mdmsites.com.br\/index.php\/lbca\/","title":{"rendered":"LBCA"},"content":{"rendered":"\t\t<div data-elementor-type=\"wp-page\" data-elementor-id=\"64\" class=\"elementor elementor-64\" data-elementor-post-type=\"page\">\n\t\t\t\t<div class=\"elementor-element elementor-element-a3f592f e-flex e-con-boxed e-con e-parent\" data-id=\"a3f592f\" data-element_type=\"container\" data-e-type=\"container\" data-settings=\"{&quot;background_background&quot;:&quot;classic&quot;}\">\n\t\t\t\t\t<div class=\"e-con-inner\">\n\t\t\t\t\t<\/div>\n\t\t\t\t<\/div>\n\t\t<div class=\"elementor-element elementor-element-55ba283 e-flex e-con-boxed e-con e-parent\" data-id=\"55ba283\" data-element_type=\"container\" data-e-type=\"container\" data-settings=\"{&quot;background_background&quot;:&quot;classic&quot;}\">\n\t\t\t\t\t<div class=\"e-con-inner\">\n\t\t<div class=\"elementor-element elementor-element-35df96d e-flex e-con-boxed e-con e-child\" data-id=\"35df96d\" data-element_type=\"container\" data-e-type=\"container\">\n\t\t\t\t\t<div class=\"e-con-inner\">\n\t\t\t\t<div class=\"elementor-element elementor-element-920d99e elementor-widget elementor-widget-heading\" data-id=\"920d99e\" data-element_type=\"widget\" data-e-type=\"widget\" data-widget_type=\"heading.default\">\n\t\t\t\t<div class=\"elementor-widget-container\">\n\t\t\t\t\t<h2 class=\"elementor-heading-title elementor-size-default\">A LBCA<\/h2>\t\t\t\t<\/div>\n\t\t\t\t<\/div>\n\t\t\t\t<div class=\"elementor-element elementor-element-6e9ffd9 elementor-widget elementor-widget-image\" data-id=\"6e9ffd9\" data-element_type=\"widget\" data-e-type=\"widget\" data-widget_type=\"image.default\">\n\t\t\t\t<div class=\"elementor-widget-container\">\n\t\t\t\t\t\t\t\t\t\t\t\t\t\t\t<img fetchpriority=\"high\" decoding=\"async\" width=\"452\" height=\"141\" src=\"https:\/\/lgdpbrasilnovo.mdmsites.com.br\/wp-content\/uploads\/2023\/08\/obj-albca.png\" class=\"attachment-full size-full wp-image-403\" alt=\"obj-albca\" srcset=\"https:\/\/lgdpbrasilnovo.mdmsites.com.br\/wp-content\/uploads\/2023\/08\/obj-albca.png 452w, https:\/\/lgdpbrasilnovo.mdmsites.com.br\/wp-content\/uploads\/2023\/08\/obj-albca-300x94.png 300w\" sizes=\"(max-width: 452px) 100vw, 452px\" \/>\t\t\t\t\t\t\t\t\t\t\t\t\t\t\t<\/div>\n\t\t\t\t<\/div>\n\t\t\t\t\t<\/div>\n\t\t\t\t<\/div>\n\t\t\t\t\t<\/div>\n\t\t\t\t<\/div>\n\t\t<div class=\"elementor-element elementor-element-8309daf e-flex e-con-boxed e-con e-parent\" data-id=\"8309daf\" data-element_type=\"container\" data-e-type=\"container\" data-settings=\"{&quot;background_background&quot;:&quot;classic&quot;}\">\n\t\t\t\t\t<div class=\"e-con-inner\">\n\t\t<div class=\"elementor-element elementor-element-94f0eaf e-con-full e-flex e-con e-child\" data-id=\"94f0eaf\" data-element_type=\"container\" data-e-type=\"container\">\n\t\t\t\t<\/div>\n\t\t<div class=\"elementor-element elementor-element-0e32283 e-con-full e-flex e-con e-child\" data-id=\"0e32283\" data-element_type=\"container\" data-e-type=\"container\">\n\t\t\t\t<div class=\"elementor-element elementor-element-e4f0a14 elementor-widget elementor-widget-text-editor\" data-id=\"e4f0a14\" data-element_type=\"widget\" data-e-type=\"widget\" data-widget_type=\"text-editor.default\">\n\t\t\t\t<div class=\"elementor-widget-container\">\n\t\t\t\t\t\t\t\t\t<p>Desde 2003, quando foi fundada, a Lee, Brock, Camargo Advogados (LBCA) se prop\u00f4s a ter uma rela\u00e7\u00e3o cooperativa com os clientes, procurando respostas novas para antigos problemas. Essa cultura gerou a busca por solu\u00e7\u00f5es \u00e1geis, customizadas e inovadoras em todos os ramos de direito empresarial.<\/p><p>A LBCA consegue oferecer solu\u00e7\u00f5es articuladas e interven\u00e7\u00f5es complementares para as diferentes demandas apresentadas pelos clientes, com resultados mais efetivos, consolidando sua reputa\u00e7\u00e3o como uma das mais inovadoras e confi\u00e1vies bancas full services do pa\u00eds, que sabe agregar valo ao neg\u00f3cio do cliente, pelo menor custo poss\u00edvel.\u00a0<\/p>\t\t\t\t\t\t\t\t<\/div>\n\t\t\t\t<\/div>\n\t\t\t\t<\/div>\n\t\t<div class=\"elementor-element elementor-element-f3918ad e-con-full e-flex e-con e-child\" data-id=\"f3918ad\" data-element_type=\"container\" data-e-type=\"container\">\n\t\t\t\t<\/div>\n\t\t\t\t\t<\/div>\n\t\t\t\t<\/div>\n\t\t<div class=\"elementor-element elementor-element-4882ef9 e-flex e-con-boxed e-con e-parent\" data-id=\"4882ef9\" data-element_type=\"container\" data-e-type=\"container\" data-settings=\"{&quot;background_background&quot;:&quot;classic&quot;}\">\n\t\t\t\t\t<div class=\"e-con-inner\">\n\t\t<div class=\"elementor-element elementor-element-d27f372 e-con-full e-flex e-con e-child\" data-id=\"d27f372\" data-element_type=\"container\" data-e-type=\"container\">\n\t\t\t\t<\/div>\n\t\t<div class=\"elementor-element elementor-element-fd2bb4c e-con-full e-flex e-con e-child\" data-id=\"fd2bb4c\" data-element_type=\"container\" data-e-type=\"container\">\n\t\t\t\t<div class=\"elementor-element elementor-element-4a7224c elementor-widget elementor-widget-text-editor\" data-id=\"4a7224c\" data-element_type=\"widget\" data-e-type=\"widget\" data-widget_type=\"text-editor.default\">\n\t\t\t\t<div class=\"elementor-widget-container\">\n\t\t\t\t\t\t\t\t\t<p>Conhe\u00e7a mais sobre nossas \u00e1reas de atua\u00e7\u00e3o em:<\/p>\t\t\t\t\t\t\t\t<\/div>\n\t\t\t\t<\/div>\n\t\t\t\t<\/div>\n\t\t<div class=\"elementor-element elementor-element-9206704 e-con-full e-flex e-con e-child\" data-id=\"9206704\" data-element_type=\"container\" data-e-type=\"container\">\n\t\t\t\t<div class=\"elementor-element elementor-element-69e5003 elementor-widget elementor-widget-button\" data-id=\"69e5003\" data-element_type=\"widget\" data-e-type=\"widget\" data-widget_type=\"button.default\">\n\t\t\t\t<div class=\"elementor-widget-container\">\n\t\t\t\t\t\t\t\t\t<div class=\"elementor-button-wrapper\">\n\t\t\t\t\t<a class=\"elementor-button elementor-button-link elementor-size-sm\" href=\"https:\/\/www.lbca.com.br\/\" target=\"_blank\">\n\t\t\t\t\t\t<span class=\"elementor-button-content-wrapper\">\n\t\t\t\t\t\t\t\t\t<span class=\"elementor-button-text\">www.lbca.com.br<\/span>\n\t\t\t\t\t<\/span>\n\t\t\t\t\t<\/a>\n\t\t\t\t<\/div>\n\t\t\t\t\t\t\t\t<\/div>\n\t\t\t\t<\/div>\n\t\t\t\t<\/div>\n\t\t<div class=\"elementor-element elementor-element-f9221a4 e-con-full e-flex e-con e-child\" data-id=\"f9221a4\" data-element_type=\"container\" data-e-type=\"container\">\n\t\t\t\t<\/div>\n\t\t\t\t\t<\/div>\n\t\t\t\t<\/div>\n\t\t\t\t<\/div>\n\t\t","protected":false},"excerpt":{"rendered":"<p>A LBCA Desde 2003, quando foi fundada, a Lee, Brock, Camargo Advogados (LBCA) se prop\u00f4s a ter uma rela\u00e7\u00e3o cooperativa com os clientes, procurando respostas novas para antigos problemas. Essa cultura gerou a busca por solu\u00e7\u00f5es \u00e1geis, customizadas e inovadoras em todos os ramos de direito empresarial. A LBCA consegue oferecer solu\u00e7\u00f5es articuladas e interven\u00e7\u00f5es [&hellip;]<\/p>\n","protected":false},"author":1,"featured_media":0,"parent":0,"menu_order":0,"comment_status":"closed","ping_status":"closed","template":"","meta":{"_jet_sm_ready_style":"","_jet_sm_style":"","_jet_sm_controls_values":"","_jet_sm_fonts_collection":"","_jet_sm_fonts_links":"","footnotes":""},"class_list":["post-64","page","type-page","status-publish","hentry"],"_links":{"self":[{"href":"https:\/\/lgdpbrasilnovo.mdmsites.com.br\/index.php\/wp-json\/wp\/v2\/pages\/64","targetHints":{"allow":["GET"]}}],"collection":[{"href":"https:\/\/lgdpbrasilnovo.mdmsites.com.br\/index.php\/wp-json\/wp\/v2\/pages"}],"about":[{"href":"https:\/\/lgdpbrasilnovo.mdmsites.com.br\/index.php\/wp-json\/wp\/v2\/types\/page"}],"author":[{"embeddable":true,"href":"https:\/\/lgdpbrasilnovo.mdmsites.com.br\/index.php\/wp-json\/wp\/v2\/users\/1"}],"replies":[{"embeddable":true,"href":"https:\/\/lgdpbrasilnovo.mdmsites.com.br\/index.php\/wp-json\/wp\/v2\/comments?post=64"}],"version-history":[{"count":0,"href":"https:\/\/lgdpbrasilnovo.mdmsites.com.br\/index.php\/wp-json\/wp\/v2\/pages\/64\/revisions"}],"wp:attachment":[{"href":"https:\/\/lgdpbrasilnovo.mdmsites.com.br\/index.php\/wp-json\/wp\/v2\/media?parent=64"}],"curies":[{"name":"wp","href":"https:\/\/api.w.org\/{rel}","templated":true}]}}